{"id":5857,"date":"2019-11-13T20:25:18","date_gmt":"2019-11-13T19:25:18","guid":{"rendered":"https:\/\/restaurantemaigmo.com\/visita\/"},"modified":"2019-11-27T00:20:59","modified_gmt":"2019-11-26T23:20:59","slug":"visit","status":"publish","type":"page","link":"https:\/\/restaurantemaigmo.com\/en\/visit\/","title":{"rendered":"Visit"},"content":{"rendered":"<section class=\"wpb-content-wrapper\"><p>[vc_row full_width=&#8221;stretch_row_content_no_spaces&#8221;][vc_column][vc_raw_html]JTNDaWZyYW1lJTIwc3JjJTNEJTIyaHR0cHMlM0ElMkYlMkZ3d3cuZ29vZ2xlLmNvbSUyRm1hcHMlMkZlbWJlZCUzRnBiJTNEJTIxNHYxNTUyMzI3MzU3NDk4JTIxNm04JTIxMW03JTIxMXNDQW9TTEVGR01WRnBjRTFHVDBWdlRWbHBOakJ3Y2pFMVFtOWtkbFkxVGxaUWVFcDNhMmQ2WWxRMmQwMUZNRU50JTIxMm0yJTIxMWQzOC40OTg1MjQzNzU5NDclMjEyZC0wLjYwMjczNjEwMjYxMjU0JTIxM2YyMjAuMjIlMjE0Zi0xLjcxOTk5OTk5OTk5OTk5ODklMjE1ZjAuNzgyMDg2NTk3NDYyNzQ2OSUyMiUyMHdpZHRoJTNEJTIyNjAwJTIyJTIwaGVpZ2h0JTNEJTIyNDUwJTIyJTIwZnJhbWVib3JkZXIlM0QlMjIwJTIyJTIwc3R5bGUlM0QlMjJib3JkZXIlM0EwJTIyJTIwYWxsb3dmdWxsc2NyZWVuJTNFJTNDJTJGaWZyYW1lJTNF[\/vc_raw_html][\/vc_column][\/vc_row]<\/p>\n<\/section>","protected":false},"excerpt":{"rendered":"<p>[vc_row full_width=&#8221;stretch_row_content_no_spaces&#8221;][vc_column][vc_raw_html]JTNDaWZyYW1lJTIwc3JjJTNEJTIyaHR0cHMlM0ElMkYlMkZ3d3cuZ29vZ2xlLmNvbSUyRm1hcHMlMkZlbWJlZCUzRnBiJTNEJTIxNHYxNTUyMzI3MzU3NDk4JTIxNm04JTIxMW03JTIxMXNDQW9TTEVGR01WRnBjRTFHVDBWdlRWbHBOakJ3Y2pFMVFtOWtkbFkxVGxaUWVFcDNhMmQ2WWxRMmQwMUZNRU50JTIxMm0yJTIxMWQzOC40OTg1MjQzNzU5NDclMjEyZC0wLjYwMjczNjEwMjYxMjU0JTIxM2YyMjAuMjIlMjE0Zi0xLjcxOTk5OTk5OTk5OTk5ODklMjE1ZjAuNzgyMDg2NTk3NDYyNzQ2OSUyMiUyMHdpZHRoJTNEJTIyNjAwJTIyJTIwaGVpZ2h0JTNEJTIyNDUwJTIyJTIwZnJhbWVib3JkZXIlM0QlMjIwJTIyJTIwc3R5bGUlM0QlMjJib3JkZXIlM0EwJTIyJTIwYWxsb3dmdWxsc2NyZWVuJTNFJTNDJTJGaWZyYW1lJTNF[\/vc_raw_html][\/vc_column][\/vc_row]<\/p>\n","protected":false},"author":1,"featured_media":0,"parent":0,"menu_order":0,"comment_status":"closed","ping_status":"closed","template":"","meta":[],"yoast_head":"<!-- This site is optimized with the Yoast SEO plugin v20.8 - https:\/\/yoast.com\/wordpress\/plugins\/seo\/ -->\n<title>Visit - Restaurante Mes\u00f3n Maigm\u00f3<\/title>\n<meta name=\"robots\" content=\"index, follow, max-snippet:-1, max-image-preview:large, max-video-preview:-1\" \/>\n<link rel=\"canonical\" href=\"https:\/\/restaurantemaigmo.com\/en\/visit\/\" \/>\n<meta property=\"og:locale\" content=\"en_US\" \/>\n<meta property=\"og:type\" content=\"article\" \/>\n<meta property=\"og:title\" content=\"Visit - Restaurante Mes\u00f3n Maigm\u00f3\" \/>\n<meta property=\"og:description\" content=\"[vc_row full_width=&#8221;stretch_row_content_no_spaces&#8221;][vc_column][vc_raw_html]JTNDaWZyYW1lJTIwc3JjJTNEJTIyaHR0cHMlM0ElMkYlMkZ3d3cuZ29vZ2xlLmNvbSUyRm1hcHMlMkZlbWJlZCUzRnBiJTNEJTIxNHYxNTUyMzI3MzU3NDk4JTIxNm04JTIxMW03JTIxMXNDQW9TTEVGR01WRnBjRTFHVDBWdlRWbHBOakJ3Y2pFMVFtOWtkbFkxVGxaUWVFcDNhMmQ2WWxRMmQwMUZNRU50JTIxMm0yJTIxMWQzOC40OTg1MjQzNzU5NDclMjEyZC0wLjYwMjczNjEwMjYxMjU0JTIxM2YyMjAuMjIlMjE0Zi0xLjcxOTk5OTk5OTk5OTk5ODklMjE1ZjAuNzgyMDg2NTk3NDYyNzQ2OSUyMiUyMHdpZHRoJTNEJTIyNjAwJTIyJTIwaGVpZ2h0JTNEJTIyNDUwJTIyJTIwZnJhbWVib3JkZXIlM0QlMjIwJTIyJTIwc3R5bGUlM0QlMjJib3JkZXIlM0EwJTIyJTIwYWxsb3dmdWxsc2NyZWVuJTNFJTNDJTJGaWZyYW1lJTNF[\/vc_raw_html][\/vc_column][\/vc_row]\" \/>\n<meta property=\"og:url\" content=\"https:\/\/restaurantemaigmo.com\/en\/visit\/\" \/>\n<meta property=\"og:site_name\" content=\"Restaurante Mes\u00f3n Maigm\u00f3\" \/>\n<meta property=\"article:modified_time\" content=\"2019-11-26T23:20:59+00:00\" \/>\n<meta name=\"twitter:card\" content=\"summary_large_image\" \/>\n<script type=\"application\/ld+json\" class=\"yoast-schema-graph\">{\"@context\":\"https:\/\/schema.org\",\"@graph\":[{\"@type\":\"WebPage\",\"@id\":\"https:\/\/restaurantemaigmo.com\/en\/visit\/\",\"url\":\"https:\/\/restaurantemaigmo.com\/en\/visit\/\",\"name\":\"Visit - Restaurante Mes\u00f3n Maigm\u00f3\",\"isPartOf\":{\"@id\":\"https:\/\/restaurantemaigmo.com\/#website\"},\"datePublished\":\"2019-11-13T19:25:18+00:00\",\"dateModified\":\"2019-11-26T23:20:59+00:00\",\"breadcrumb\":{\"@id\":\"https:\/\/restaurantemaigmo.com\/en\/visit\/#breadcrumb\"},\"inLanguage\":\"en-US\",\"potentialAction\":[{\"@type\":\"ReadAction\",\"target\":[\"https:\/\/restaurantemaigmo.com\/en\/visit\/\"]}]},{\"@type\":\"BreadcrumbList\",\"@id\":\"https:\/\/restaurantemaigmo.com\/en\/visit\/#breadcrumb\",\"itemListElement\":[{\"@type\":\"ListItem\",\"position\":1,\"name\":\"Portada\",\"item\":\"https:\/\/restaurantemaigmo.com\/en\/\"},{\"@type\":\"ListItem\",\"position\":2,\"name\":\"Visit\"}]},{\"@type\":\"WebSite\",\"@id\":\"https:\/\/restaurantemaigmo.com\/#website\",\"url\":\"https:\/\/restaurantemaigmo.com\/\",\"name\":\"Restaurante Mes\u00f3n Maigm\u00f3\",\"description\":\"Restaurante Mes\u00f3n Maigm\u00f3 - Oferta gastron\u00f3mica en Alicante\",\"potentialAction\":[{\"@type\":\"SearchAction\",\"target\":{\"@type\":\"EntryPoint\",\"urlTemplate\":\"https:\/\/restaurantemaigmo.com\/?s={search_term_string}\"},\"query-input\":\"required name=search_term_string\"}],\"inLanguage\":\"en-US\"}]}<\/script>\n<!-- \/ Yoast SEO plugin. -->","yoast_head_json":{"title":"Visit - Restaurante Mes\u00f3n Maigm\u00f3","robots":{"index":"index","follow":"follow","max-snippet":"max-snippet:-1","max-image-preview":"max-image-preview:large","max-video-preview":"max-video-preview:-1"},"canonical":"https:\/\/restaurantemaigmo.com\/en\/visit\/","og_locale":"en_US","og_type":"article","og_title":"Visit - Restaurante Mes\u00f3n Maigm\u00f3","og_description":"[vc_row full_width=&#8221;stretch_row_content_no_spaces&#8221;][vc_column][vc_raw_html]JTNDaWZyYW1lJTIwc3JjJTNEJTIyaHR0cHMlM0ElMkYlMkZ3d3cuZ29vZ2xlLmNvbSUyRm1hcHMlMkZlbWJlZCUzRnBiJTNEJTIxNHYxNTUyMzI3MzU3NDk4JTIxNm04JTIxMW03JTIxMXNDQW9TTEVGR01WRnBjRTFHVDBWdlRWbHBOakJ3Y2pFMVFtOWtkbFkxVGxaUWVFcDNhMmQ2WWxRMmQwMUZNRU50JTIxMm0yJTIxMWQzOC40OTg1MjQzNzU5NDclMjEyZC0wLjYwMjczNjEwMjYxMjU0JTIxM2YyMjAuMjIlMjE0Zi0xLjcxOTk5OTk5OTk5OTk5ODklMjE1ZjAuNzgyMDg2NTk3NDYyNzQ2OSUyMiUyMHdpZHRoJTNEJTIyNjAwJTIyJTIwaGVpZ2h0JTNEJTIyNDUwJTIyJTIwZnJhbWVib3JkZXIlM0QlMjIwJTIyJTIwc3R5bGUlM0QlMjJib3JkZXIlM0EwJTIyJTIwYWxsb3dmdWxsc2NyZWVuJTNFJTNDJTJGaWZyYW1lJTNF[\/vc_raw_html][\/vc_column][\/vc_row]","og_url":"https:\/\/restaurantemaigmo.com\/en\/visit\/","og_site_name":"Restaurante Mes\u00f3n Maigm\u00f3","article_modified_time":"2019-11-26T23:20:59+00:00","twitter_card":"summary_large_image","schema":{"@context":"https:\/\/schema.org","@graph":[{"@type":"WebPage","@id":"https:\/\/restaurantemaigmo.com\/en\/visit\/","url":"https:\/\/restaurantemaigmo.com\/en\/visit\/","name":"Visit - Restaurante Mes\u00f3n Maigm\u00f3","isPartOf":{"@id":"https:\/\/restaurantemaigmo.com\/#website"},"datePublished":"2019-11-13T19:25:18+00:00","dateModified":"2019-11-26T23:20:59+00:00","breadcrumb":{"@id":"https:\/\/restaurantemaigmo.com\/en\/visit\/#breadcrumb"},"inLanguage":"en-US","potentialAction":[{"@type":"ReadAction","target":["https:\/\/restaurantemaigmo.com\/en\/visit\/"]}]},{"@type":"BreadcrumbList","@id":"https:\/\/restaurantemaigmo.com\/en\/visit\/#breadcrumb","itemListElement":[{"@type":"ListItem","position":1,"name":"Portada","item":"https:\/\/restaurantemaigmo.com\/en\/"},{"@type":"ListItem","position":2,"name":"Visit"}]},{"@type":"WebSite","@id":"https:\/\/restaurantemaigmo.com\/#website","url":"https:\/\/restaurantemaigmo.com\/","name":"Restaurante Mes\u00f3n Maigm\u00f3","description":"Restaurante Mes\u00f3n Maigm\u00f3 - Oferta gastron\u00f3mica en Alicante","potentialAction":[{"@type":"SearchAction","target":{"@type":"EntryPoint","urlTemplate":"https:\/\/restaurantemaigmo.com\/?s={search_term_string}"},"query-input":"required name=search_term_string"}],"inLanguage":"en-US"}]}},"_links":{"self":[{"href":"https:\/\/restaurantemaigmo.com\/en\/wp-json\/wp\/v2\/pages\/5857"}],"collection":[{"href":"https:\/\/restaurantemaigmo.com\/en\/wp-json\/wp\/v2\/pages"}],"about":[{"href":"https:\/\/restaurantemaigmo.com\/en\/wp-json\/wp\/v2\/types\/page"}],"author":[{"embeddable":true,"href":"https:\/\/restaurantemaigmo.com\/en\/wp-json\/wp\/v2\/users\/1"}],"replies":[{"embeddable":true,"href":"https:\/\/restaurantemaigmo.com\/en\/wp-json\/wp\/v2\/comments?post=5857"}],"version-history":[{"count":1,"href":"https:\/\/restaurantemaigmo.com\/en\/wp-json\/wp\/v2\/pages\/5857\/revisions"}],"predecessor-version":[{"id":5858,"href":"https:\/\/restaurantemaigmo.com\/en\/wp-json\/wp\/v2\/pages\/5857\/revisions\/5858"}],"wp:attachment":[{"href":"https:\/\/restaurantemaigmo.com\/en\/wp-json\/wp\/v2\/media?parent=5857"}],"curies":[{"name":"wp","href":"https:\/\/api.w.org\/{rel}","templated":true}]}}