{"id":5927,"date":"2019-03-04T00:29:34","date_gmt":"2019-03-03T23:29:34","guid":{"rendered":"https:\/\/restaurantemaigmo.com\/producto\/bono-50\/"},"modified":"2019-12-05T00:19:47","modified_gmt":"2019-12-04T23:19:47","slug":"voucher-50","status":"publish","type":"product","link":"https:\/\/restaurantemaigmo.com\/en\/producto\/voucher-50\/","title":{"rendered":"Voucher 50"},"content":{"rendered":"","protected":false},"excerpt":{"rendered":"<p><strong>* Voucher valid for 12 months from the date of acquisition.<\/strong><\/p>\n<p>This product can be enjoyed in our restaurant Mes\u00f3n Maigm\u00f3<br \/>\nAnytime, within hours and subject to availability.<\/p>\n","protected":false},"featured_media":6256,"comment_status":"open","ping_status":"closed","template":"","meta":[],"product_cat":[117],"product_tag":[],"yoast_head":"<!-- This site is optimized with the Yoast SEO plugin v20.8 - https:\/\/yoast.com\/wordpress\/plugins\/seo\/ -->\n<title>Voucher 50 - Restaurante Mes\u00f3n Maigm\u00f3<\/title>\n<meta name=\"robots\" content=\"index, follow, max-snippet:-1, max-image-preview:large, max-video-preview:-1\" \/>\n<link rel=\"canonical\" href=\"https:\/\/restaurantemaigmo.com\/en\/producto\/voucher-50\/\" \/>\n<meta property=\"og:locale\" content=\"en_US\" \/>\n<meta property=\"og:type\" content=\"article\" \/>\n<meta property=\"og:title\" content=\"Voucher 50 - Restaurante Mes\u00f3n Maigm\u00f3\" \/>\n<meta property=\"og:description\" content=\"* Voucher valid for 12 months from the date of acquisition.  This product can be enjoyed in our restaurant Mes\u00f3n Maigm\u00f3 Anytime, within hours and subject to availability.\" \/>\n<meta property=\"og:url\" content=\"https:\/\/restaurantemaigmo.com\/en\/producto\/voucher-50\/\" \/>\n<meta property=\"og:site_name\" content=\"Restaurante Mes\u00f3n Maigm\u00f3\" \/>\n<meta property=\"article:modified_time\" content=\"2019-12-04T23:19:47+00:00\" \/>\n<meta property=\"og:image\" content=\"https:\/\/restaurantemaigmo.com\/wp-content\/uploads\/2019\/01\/50_ENG.jpg\" \/>\n\t<meta property=\"og:image:width\" content=\"1200\" \/>\n\t<meta property=\"og:image:height\" content=\"1356\" \/>\n\t<meta property=\"og:image:type\" content=\"image\/jpeg\" \/>\n<meta name=\"twitter:card\" content=\"summary_large_image\" \/>\n<script type=\"application\/ld+json\" class=\"yoast-schema-graph\">{\"@context\":\"https:\/\/schema.org\",\"@graph\":[{\"@type\":\"WebPage\",\"@id\":\"https:\/\/restaurantemaigmo.com\/en\/producto\/voucher-50\/\",\"url\":\"https:\/\/restaurantemaigmo.com\/en\/producto\/voucher-50\/\",\"name\":\"Voucher 50 - Restaurante Mes\u00f3n Maigm\u00f3\",\"isPartOf\":{\"@id\":\"https:\/\/restaurantemaigmo.com\/#website\"},\"datePublished\":\"2019-03-03T23:29:34+00:00\",\"dateModified\":\"2019-12-04T23:19:47+00:00\",\"breadcrumb\":{\"@id\":\"https:\/\/restaurantemaigmo.com\/en\/producto\/voucher-50\/#breadcrumb\"},\"inLanguage\":\"en-US\",\"potentialAction\":[{\"@type\":\"ReadAction\",\"target\":[\"https:\/\/restaurantemaigmo.com\/en\/producto\/voucher-50\/\"]}]},{\"@type\":\"BreadcrumbList\",\"@id\":\"https:\/\/restaurantemaigmo.com\/en\/producto\/voucher-50\/#breadcrumb\",\"itemListElement\":[{\"@type\":\"ListItem\",\"position\":1,\"name\":\"Portada\",\"item\":\"https:\/\/restaurantemaigmo.com\/en\/\"},{\"@type\":\"ListItem\",\"position\":2,\"name\":\"Gift Shop\",\"item\":\"https:\/\/restaurantemaigmo.com\/en\/gift-shop\/\"},{\"@type\":\"ListItem\",\"position\":3,\"name\":\"Voucher 50\"}]},{\"@type\":\"WebSite\",\"@id\":\"https:\/\/restaurantemaigmo.com\/#website\",\"url\":\"https:\/\/restaurantemaigmo.com\/\",\"name\":\"Restaurante Mes\u00f3n Maigm\u00f3\",\"description\":\"Restaurante Mes\u00f3n Maigm\u00f3 - Oferta gastron\u00f3mica en Alicante\",\"potentialAction\":[{\"@type\":\"SearchAction\",\"target\":{\"@type\":\"EntryPoint\",\"urlTemplate\":\"https:\/\/restaurantemaigmo.com\/?s={search_term_string}\"},\"query-input\":\"required name=search_term_string\"}],\"inLanguage\":\"en-US\"}]}<\/script>\n<!-- \/ Yoast SEO plugin. -->","yoast_head_json":{"title":"Voucher 50 - Restaurante Mes\u00f3n Maigm\u00f3","robots":{"index":"index","follow":"follow","max-snippet":"max-snippet:-1","max-image-preview":"max-image-preview:large","max-video-preview":"max-video-preview:-1"},"canonical":"https:\/\/restaurantemaigmo.com\/en\/producto\/voucher-50\/","og_locale":"en_US","og_type":"article","og_title":"Voucher 50 - Restaurante Mes\u00f3n Maigm\u00f3","og_description":"* Voucher valid for 12 months from the date of acquisition.  This product can be enjoyed in our restaurant Mes\u00f3n Maigm\u00f3 Anytime, within hours and subject to availability.","og_url":"https:\/\/restaurantemaigmo.com\/en\/producto\/voucher-50\/","og_site_name":"Restaurante Mes\u00f3n Maigm\u00f3","article_modified_time":"2019-12-04T23:19:47+00:00","og_image":[{"width":1200,"height":1356,"url":"https:\/\/restaurantemaigmo.com\/wp-content\/uploads\/2019\/01\/50_ENG.jpg","type":"image\/jpeg"}],"twitter_card":"summary_large_image","schema":{"@context":"https:\/\/schema.org","@graph":[{"@type":"WebPage","@id":"https:\/\/restaurantemaigmo.com\/en\/producto\/voucher-50\/","url":"https:\/\/restaurantemaigmo.com\/en\/producto\/voucher-50\/","name":"Voucher 50 - Restaurante Mes\u00f3n Maigm\u00f3","isPartOf":{"@id":"https:\/\/restaurantemaigmo.com\/#website"},"datePublished":"2019-03-03T23:29:34+00:00","dateModified":"2019-12-04T23:19:47+00:00","breadcrumb":{"@id":"https:\/\/restaurantemaigmo.com\/en\/producto\/voucher-50\/#breadcrumb"},"inLanguage":"en-US","potentialAction":[{"@type":"ReadAction","target":["https:\/\/restaurantemaigmo.com\/en\/producto\/voucher-50\/"]}]},{"@type":"BreadcrumbList","@id":"https:\/\/restaurantemaigmo.com\/en\/producto\/voucher-50\/#breadcrumb","itemListElement":[{"@type":"ListItem","position":1,"name":"Portada","item":"https:\/\/restaurantemaigmo.com\/en\/"},{"@type":"ListItem","position":2,"name":"Gift Shop","item":"https:\/\/restaurantemaigmo.com\/en\/gift-shop\/"},{"@type":"ListItem","position":3,"name":"Voucher 50"}]},{"@type":"WebSite","@id":"https:\/\/restaurantemaigmo.com\/#website","url":"https:\/\/restaurantemaigmo.com\/","name":"Restaurante Mes\u00f3n Maigm\u00f3","description":"Restaurante Mes\u00f3n Maigm\u00f3 - Oferta gastron\u00f3mica en Alicante","potentialAction":[{"@type":"SearchAction","target":{"@type":"EntryPoint","urlTemplate":"https:\/\/restaurantemaigmo.com\/?s={search_term_string}"},"query-input":"required name=search_term_string"}],"inLanguage":"en-US"}]}},"_links":{"self":[{"href":"https:\/\/restaurantemaigmo.com\/en\/wp-json\/wp\/v2\/product\/5927"}],"collection":[{"href":"https:\/\/restaurantemaigmo.com\/en\/wp-json\/wp\/v2\/product"}],"about":[{"href":"https:\/\/restaurantemaigmo.com\/en\/wp-json\/wp\/v2\/types\/product"}],"replies":[{"embeddable":true,"href":"https:\/\/restaurantemaigmo.com\/en\/wp-json\/wp\/v2\/comments?post=5927"}],"wp:featuredmedia":[{"embeddable":true,"href":"https:\/\/restaurantemaigmo.com\/en\/wp-json\/wp\/v2\/media\/6256"}],"wp:attachment":[{"href":"https:\/\/restaurantemaigmo.com\/en\/wp-json\/wp\/v2\/media?parent=5927"}],"wp:term":[{"taxonomy":"product_cat","embeddable":true,"href":"https:\/\/restaurantemaigmo.com\/en\/wp-json\/wp\/v2\/product_cat?post=5927"},{"taxonomy":"product_tag","embeddable":true,"href":"https:\/\/restaurantemaigmo.com\/en\/wp-json\/wp\/v2\/product_tag?post=5927"}],"curies":[{"name":"wp","href":"https:\/\/api.w.org\/{rel}","templated":true}]}}